{"id":1099,"date":"2025-03-27T15:38:20","date_gmt":"2025-03-27T15:38:20","guid":{"rendered":"https:\/\/ariarigrowers.com\/politica-de-tratamiento-de-datos-personales\/"},"modified":"2025-04-04T21:00:39","modified_gmt":"2025-04-04T21:00:39","slug":"politica-de-tratamiento-de-datos-personales","status":"publish","type":"page","link":"https:\/\/ariarigrowers.com\/es\/politica-de-tratamiento-de-datos-personales\/","title":{"rendered":"Pol\u00edtica de Tratamiento de Datos Personales"},"content":{"rendered":"<p>[et_pb_section fb_built=\u00bb1&#8243; theme_builder_area=\u00bbpost_content\u00bb _builder_version=\u00bb4.27.4&#8243; _module_preset=\u00bbdefault\u00bb custom_margin=\u00bb-12px||||false|false\u00bb hover_enabled=\u00bb0&#8243; sticky_enabled=\u00bb0&#8243; background_color=\u00bb#F0EADA\u00bb][et_pb_row _builder_version=\u00bb4.27.4&#8243; _module_preset=\u00bbdefault\u00bb theme_builder_area=\u00bbpost_content\u00bb hover_enabled=\u00bb0&#8243; sticky_enabled=\u00bb0&#8243; custom_padding=\u00bb0px||||false|false\u00bb make_equal=\u00bbon\u00bb use_custom_gutter=\u00bbon\u00bb module_alignment=\u00bbcenter\u00bb width=\u00bb70%\u00bb width_last_edited=\u00bbon|phone\u00bb width_tablet=\u00bb86%\u00bb width_phone=\u00bb84%\u00bb][et_pb_column _builder_version=\u00bb4.27.4&#8243; _module_preset=\u00bbdefault\u00bb type=\u00bb4_4&#8243; theme_builder_area=\u00bbpost_content\u00bb][et_pb_text _builder_version=\u00bb4.27.4&#8243; _module_preset=\u00bbdefault\u00bb theme_builder_area=\u00bbpost_content\u00bb header_text_align=\u00bbcenter\u00bb header_text_color=\u00bb#2F3F2E\u00bb header_font=\u00bb||on||||||\u00bb header_font_size=\u00bb40px\u00bb header_font_size_last_edited=\u00bbon|desktop\u00bb header_line_height=\u00bb1.2em\u00bb hover_enabled=\u00bb0&#8243; sticky_enabled=\u00bb0&#8243; custom_margin=\u00bb||60px||false|false\u00bb header_font_size_phone=\u00bb32px\u00bb custom_margin_last_edited=\u00bbon|phone\u00bb custom_margin_phone=\u00bb||30px||false|false\u00bb header_font_size_tablet=\u00bb40px\u00bb custom_margin_tablet=\u00bb||60px||false|false\u00bb]<\/p>\n<h1>Pol\u00edtica de Tratamiento de Datos Personales<\/h1>\n<p>[\/et_pb_text][et_pb_text _builder_version=\u00bb4.27.4&#8243; _module_preset=\u00bbdefault\u00bb theme_builder_area=\u00bbpost_content\u00bb hover_enabled=\u00bb0&#8243; sticky_enabled=\u00bb0&#8243; text_font_size=\u00bb18px\u00bb text_text_color=\u00bb#434343&#8243; text_line_height=\u00bb1.2em\u00bb text_font_size_last_edited=\u00bbon|phone\u00bb text_font_size_phone=\u00bb17px\u00bb text_font_size_tablet=\u00bb18px\u00bb]<\/p>\n<p>CAIA Exportaciones de Cacao Colombiano (en adelante \u201cCAIA\u201d), en cumplimiento de lo dispuesto por la Ley 1581 de 2012 y sus decretos reglamentarios, informa a los usuarios de su p\u00e1gina web acerca del tratamiento de sus datos personales recolectados a trav\u00e9s de este sitio.<\/p>\n<ol>\n<li><strong>Responsable del Tratamiento<\/strong><\/li>\n<\/ol>\n<p><strong>Raz\u00f3n social:<\/strong> CAIA \u2013 Exportaciones de Cacao<\/p>\n<p><strong>Correo electr\u00f3nico:<\/strong> info@inversionesjalusas.com<\/p>\n<p><strong>Tel\u00e9fono:<\/strong> +57 313 300 6978<\/p>\n<ol start=\"2\">\n<li><strong>Finalidades del Tratamiento<\/strong><\/li>\n<\/ol>\n<p>Los datos personales que el usuario proporcione en este sitio web ser\u00e1n tratados con las siguientes finalidades:<\/p>\n<p>Procesar solicitudes de contacto y cotizaci\u00f3n.<\/p>\n<p>Gestionar relaciones comerciales con compradores y aliados.<\/p>\n<p>Enviar comunicaciones informativas, comerciales o promocionales.<\/p>\n<p>Cumplir con obligaciones legales y contractuales.<\/p>\n<p>Mejorar nuestros productos, servicios y experiencia de navegaci\u00f3n.<\/p>\n<ol start=\"3\">\n<li><strong>Derechos del Titular<\/strong><\/li>\n<\/ol>\n<p>Como titular de datos personales, tienes derecho a:<\/p>\n<p>Conocer, actualizar y rectificar tus datos.<\/p>\n<p>Solicitar prueba de la autorizaci\u00f3n otorgada.<\/p>\n<p>Ser informado del uso que se ha dado a tus datos.<\/p>\n<p>Revocar la autorizaci\u00f3n y\/o solicitar la supresi\u00f3n de tus datos.<\/p>\n<p>Acceder gratuitamente a tus datos personales.<\/p>\n<ol start=\"4\">\n<li><strong>Autorizaci\u00f3n<\/strong><\/li>\n<\/ol>\n<p>Mediante el uso de este sitio web, el titular declara conocer y aceptar esta pol\u00edtica, y autoriza a CAIA al tratamiento de sus datos personales conforme a las finalidades descritas.<\/p>\n<ol start=\"5\">\n<li><strong>Seguridad<\/strong><\/li>\n<\/ol>\n<p>CAIA implementa medidas t\u00e9cnicas, humanas y administrativas razonables para proteger los datos personales contra p\u00e9rdida, acceso no autorizado o uso indebido.<\/p>\n<ol start=\"6\">\n<li><strong>Transferencia de Datos<\/strong><\/li>\n<\/ol>\n<p>En caso de transferir datos personales a terceros ubicados fuera de Colombia, CAIA se asegurar\u00e1 de que el pa\u00eds receptor ofrezca niveles adecuados de protecci\u00f3n, o se suscribir\u00e1n contratos con cl\u00e1usulas espec\u00edficas de protecci\u00f3n de datos.<\/p>\n<ol start=\"7\">\n<li><strong>Conservaci\u00f3n de Datos<\/strong><\/li>\n<\/ol>\n<p>Los datos ser\u00e1n conservados mientras exista una relaci\u00f3n comercial o legal, o mientras el titular no solicite su eliminaci\u00f3n.<\/p>\n<ol start=\"8\">\n<li><strong>Canales de Atenci\u00f3n<\/strong><\/li>\n<\/ol>\n<p>Para ejercer tus derechos o presentar consultas y reclamos sobre el tratamiento de tus datos, puedes escribir a:<\/p>\n<p><strong>\ud83d\udce7 info@inversionesjalusas.com<\/strong><\/p>\n<p>[\/et_pb_text][\/et_pb_column][\/et_pb_row][\/et_pb_section]<\/p>\n","protected":false},"excerpt":{"rendered":"<p>Pol\u00edtica de Tratamiento de Datos PersonalesCAIA Exportaciones de Cacao Colombiano (en adelante \u201cCAIA\u201d), en cumplimiento de lo dispuesto por la Ley 1581 de 2012 y sus decretos reglamentarios, informa a los usuarios de su p\u00e1gina web acerca del tratamiento de sus datos personales recolectados a trav\u00e9s de este sitio. Responsable del Tratamiento Raz\u00f3n social: CAIA [&hellip;]<\/p>\n","protected":false},"author":1,"featured_media":600,"parent":0,"menu_order":0,"comment_status":"closed","ping_status":"closed","template":"","meta":{"_et_pb_use_builder":"on","_et_pb_old_content":"","_et_gb_content_width":"","inline_featured_image":false,"_joinchat":[],"footnotes":""},"class_list":["post-1099","page","type-page","status-publish","has-post-thumbnail","hentry"],"yoast_head":"<!-- This site is optimized with the Yoast SEO plugin v27.4 - https:\/\/yoast.com\/product\/yoast-seo-wordpress\/ -->\n<title>Pol\u00edtica de datos de Caia Cocoa - Privacidad y transparencia<\/title>\n<meta name=\"description\" content=\"Sepa c\u00f3mo Caia Cocoa protege sus datos personales con transparencia y compromiso. Lea nuestra Pol\u00edtica de datos para conocer nuestras pr\u00e1cticas de privacidad.\" \/>\n<meta name=\"robots\" content=\"index, follow, max-snippet:-1, max-image-preview:large, max-video-preview:-1\" \/>\n<link rel=\"canonical\" href=\"https:\/\/ariarigrowers.com\/es\/politica-de-tratamiento-de-datos-personales\/\" \/>\n<meta property=\"og:locale\" content=\"es_ES\" \/>\n<meta property=\"og:type\" content=\"article\" \/>\n<meta property=\"og:title\" content=\"Pol\u00edtica de datos de Caia Cocoa - Privacidad y transparencia\" \/>\n<meta property=\"og:description\" content=\"Sepa c\u00f3mo Caia Cocoa protege sus datos personales con transparencia y compromiso. Lea nuestra Pol\u00edtica de datos para conocer nuestras pr\u00e1cticas de privacidad.\" \/>\n<meta property=\"og:url\" content=\"https:\/\/ariarigrowers.com\/es\/politica-de-tratamiento-de-datos-personales\/\" \/>\n<meta property=\"og:site_name\" content=\"Ariari Growers\" \/>\n<meta property=\"article:modified_time\" content=\"2025-04-04T21:00:39+00:00\" \/>\n<meta property=\"og:image\" content=\"https:\/\/ariarigrowers.com\/wp-content\/uploads\/2025\/03\/Favicon-Caia.webp\" \/>\n\t<meta property=\"og:image:width\" content=\"513\" \/>\n\t<meta property=\"og:image:height\" content=\"513\" \/>\n\t<meta property=\"og:image:type\" content=\"image\/webp\" \/>\n<meta name=\"twitter:card\" content=\"summary_large_image\" \/>\n<meta name=\"twitter:label1\" content=\"Tiempo de lectura\" \/>\n\t<meta name=\"twitter:data1\" content=\"3 minutos\" \/>\n<!-- \/ Yoast SEO plugin. -->","yoast_head_json":{"title":"Pol\u00edtica de datos de Caia Cocoa - Privacidad y transparencia","description":"Sepa c\u00f3mo Caia Cocoa protege sus datos personales con transparencia y compromiso. Lea nuestra Pol\u00edtica de datos para conocer nuestras pr\u00e1cticas de privacidad.","robots":{"index":"index","follow":"follow","max-snippet":"max-snippet:-1","max-image-preview":"max-image-preview:large","max-video-preview":"max-video-preview:-1"},"canonical":"https:\/\/ariarigrowers.com\/es\/politica-de-tratamiento-de-datos-personales\/","og_locale":"es_ES","og_type":"article","og_title":"Pol\u00edtica de datos de Caia Cocoa - Privacidad y transparencia","og_description":"Sepa c\u00f3mo Caia Cocoa protege sus datos personales con transparencia y compromiso. Lea nuestra Pol\u00edtica de datos para conocer nuestras pr\u00e1cticas de privacidad.","og_url":"https:\/\/ariarigrowers.com\/es\/politica-de-tratamiento-de-datos-personales\/","og_site_name":"Ariari Growers","article_modified_time":"2025-04-04T21:00:39+00:00","og_image":[{"width":513,"height":513,"url":"https:\/\/ariarigrowers.com\/wp-content\/uploads\/2025\/03\/Favicon-Caia.webp","type":"image\/webp"}],"twitter_card":"summary_large_image","twitter_misc":{"Tiempo de lectura":"3 minutos"},"schema":{"@context":"https:\/\/schema.org","@graph":[{"@type":"WebPage","@id":"https:\/\/ariarigrowers.com\/es\/politica-de-tratamiento-de-datos-personales\/","url":"https:\/\/ariarigrowers.com\/es\/politica-de-tratamiento-de-datos-personales\/","name":"Pol\u00edtica de datos de Caia Cocoa - Privacidad y transparencia","isPartOf":{"@id":"https:\/\/ariarigrowers.com\/es\/#website"},"primaryImageOfPage":{"@id":"https:\/\/ariarigrowers.com\/es\/politica-de-tratamiento-de-datos-personales\/#primaryimage"},"image":{"@id":"https:\/\/ariarigrowers.com\/es\/politica-de-tratamiento-de-datos-personales\/#primaryimage"},"thumbnailUrl":"https:\/\/ariarigrowers.com\/wp-content\/uploads\/2025\/03\/Favicon-Caia.webp","datePublished":"2025-03-27T15:38:20+00:00","dateModified":"2025-04-04T21:00:39+00:00","description":"Sepa c\u00f3mo Caia Cocoa protege sus datos personales con transparencia y compromiso. Lea nuestra Pol\u00edtica de datos para conocer nuestras pr\u00e1cticas de privacidad.","breadcrumb":{"@id":"https:\/\/ariarigrowers.com\/es\/politica-de-tratamiento-de-datos-personales\/#breadcrumb"},"inLanguage":"es","potentialAction":[{"@type":"ReadAction","target":["https:\/\/ariarigrowers.com\/es\/politica-de-tratamiento-de-datos-personales\/"]}]},{"@type":"ImageObject","inLanguage":"es","@id":"https:\/\/ariarigrowers.com\/es\/politica-de-tratamiento-de-datos-personales\/#primaryimage","url":"https:\/\/ariarigrowers.com\/wp-content\/uploads\/2025\/03\/Favicon-Caia.webp","contentUrl":"https:\/\/ariarigrowers.com\/wp-content\/uploads\/2025\/03\/Favicon-Caia.webp","width":513,"height":513,"caption":"artisanal chocolate ethically sourced"},{"@type":"BreadcrumbList","@id":"https:\/\/ariarigrowers.com\/es\/politica-de-tratamiento-de-datos-personales\/#breadcrumb","itemListElement":[{"@type":"ListItem","position":1,"name":"Home","item":"https:\/\/ariarigrowers.com\/es\/"},{"@type":"ListItem","position":2,"name":"Pol\u00edtica de Tratamiento de Datos Personales"}]},{"@type":"WebSite","@id":"https:\/\/ariarigrowers.com\/es\/#website","url":"https:\/\/ariarigrowers.com\/es\/","name":"Ariari Growers","description":"Ariari Growers","publisher":{"@id":"https:\/\/ariarigrowers.com\/es\/#organization"},"potentialAction":[{"@type":"SearchAction","target":{"@type":"EntryPoint","urlTemplate":"https:\/\/ariarigrowers.com\/es\/?s={search_term_string}"},"query-input":{"@type":"PropertyValueSpecification","valueRequired":true,"valueName":"search_term_string"}}],"inLanguage":"es"},{"@type":"Organization","@id":"https:\/\/ariarigrowers.com\/es\/#organization","name":"Ariari Growers","url":"https:\/\/ariarigrowers.com\/es\/","logo":{"@type":"ImageObject","inLanguage":"es","@id":"https:\/\/ariarigrowers.com\/es\/#\/schema\/logo\/image\/","url":"https:\/\/ariarigrowers.com\/wp-content\/uploads\/2026\/02\/LOGO-ARIARI.png","contentUrl":"https:\/\/ariarigrowers.com\/wp-content\/uploads\/2026\/02\/LOGO-ARIARI.png","width":238,"height":218,"caption":"Ariari Growers"},"image":{"@id":"https:\/\/ariarigrowers.com\/es\/#\/schema\/logo\/image\/"}}]}},"_links":{"self":[{"href":"https:\/\/ariarigrowers.com\/es\/wp-json\/wp\/v2\/pages\/1099","targetHints":{"allow":["GET"]}}],"collection":[{"href":"https:\/\/ariarigrowers.com\/es\/wp-json\/wp\/v2\/pages"}],"about":[{"href":"https:\/\/ariarigrowers.com\/es\/wp-json\/wp\/v2\/types\/page"}],"author":[{"embeddable":true,"href":"https:\/\/ariarigrowers.com\/es\/wp-json\/wp\/v2\/users\/1"}],"replies":[{"embeddable":true,"href":"https:\/\/ariarigrowers.com\/es\/wp-json\/wp\/v2\/comments?post=1099"}],"version-history":[{"count":2,"href":"https:\/\/ariarigrowers.com\/es\/wp-json\/wp\/v2\/pages\/1099\/revisions"}],"predecessor-version":[{"id":1101,"href":"https:\/\/ariarigrowers.com\/es\/wp-json\/wp\/v2\/pages\/1099\/revisions\/1101"}],"wp:featuredmedia":[{"embeddable":true,"href":"https:\/\/ariarigrowers.com\/es\/wp-json\/wp\/v2\/media\/600"}],"wp:attachment":[{"href":"https:\/\/ariarigrowers.com\/es\/wp-json\/wp\/v2\/media?parent=1099"}],"curies":[{"name":"wp","href":"https:\/\/api.w.org\/{rel}","templated":true}]}}